{"id":102,"date":"2015-03-29T23:12:03","date_gmt":"2015-03-29T23:12:03","guid":{"rendered":"http:\/\/www.michelinebail.com\/?page_id=102"},"modified":"2015-04-01T13:46:45","modified_gmt":"2015-04-01T13:46:45","slug":"pain-noir-pain-blanc-tome-3","status":"publish","type":"page","link":"https:\/\/www.michelinebail.com\/?page_id=102","title":{"rendered":"Pain noir, pain blanc, tome 3"},"content":{"rendered":"<div style=\"width: 216px\" class=\"wp-caption alignleft\"><img decoding=\"async\" loading=\"lazy\" title=\"p_t2\" src=\"http:\/\/www.michelinebail.com\/wp-content\/uploads\/2015\/03\/1ereCouverture.jpg\" alt=\"\" width=\"206\" height=\"303\" \/><p class=\"wp-caption-text\">Pain noir pain blanc, Les secrets de famille<\/p><\/div>\n<p>Apr\u00e8s la guerre, la vie continue pour Marie-Blanche et R\u00e9mi. On les retrouve \u00e0 Montr\u00e9al, rue Saint-Denis, chez les beaux-parents. \u00c9va, la belle-m\u00e8re d&rsquo;Eug\u00e9nie, porte en elle le souvenir de terribles \u00e9v\u00e9nements dont elle fera part \u00e0 Marie-Blanche. Le beau-fr\u00e8re Louis est aussi porteur d&rsquo;un lourd secret. La vie n&rsquo;est pas facile pour le couple, mais il aura bient\u00f4t la chance d&rsquo;acc\u00e9der \u00e0 la propri\u00e9t\u00e9. Le Qu\u00e9bec de ces ann\u00e9es-l\u00e0 est en pleine effervescence, avec le baby boom, la reprise \u00e9conomique, la ru\u00e9e des jeunes vers la ville \u00e0 la recherche de travail, l&rsquo;\u00e9mergence de nouveaux quartiers en banlieue. La famille s&rsquo;agrandit, les enfants naissent, les difficult\u00e9s \u00e9conomiques apparaissent. Les temps sont durs et la petite famille peine \u00e0 joindre les deux bouts. R\u00e9mi est cong\u00e9di\u00e9, retrouve un emploi pr\u00e9caire, se d\u00e9bat pour arriver \u00e0 nourrir sa famille, pendant que son \u00e9pouse fait le maximum pour aider son mari. Les nouvelles de la famille de Qu\u00e9bec ne sont pas bonnes, et le drame \u00e9clate du c\u00f4t\u00e9 de Simone. Un scandale est \u00e9vit\u00e9 dans la famille d&rsquo;Estella, qui ne r\u00e9ussit pas \u00e0 s&rsquo;affranchir d&rsquo;un mariage d\u00e9sastreux. D&rsquo;autres membres de la famille vivent aussi des moments difficiles.<\/p>\n<p>Un vent nouveau souffle sur le Qu\u00e9bec et le monde, avec la mont\u00e9e des revendications lib\u00e9rales, l&rsquo;arriv\u00e9e de Ren\u00e9 L\u00e9vesque, la fondation du Parti Qu\u00e9b\u00e9cois, la crise d&rsquo;octobre, la crise des missiles cubains, l&rsquo;assassinat de John Kennedy, la guerre froide, etc. C&rsquo;est une \u00e9poque mouvement\u00e9e et particuli\u00e8re.<\/p>\n<p>Parall\u00e8lement \u00e0 ces bouleversements socio-politiques, une grave crise \u00e9clate au sein de la famille Blais. Pendant un long moment, le couple vacille sur ses fondements. Un drame s&rsquo;y vit qui n&rsquo;\u00e9pargne personne. Marie-\u00c8ve et Simon essaient d&rsquo;aider leurs parents \u00e0 trouver une solution acceptable. La famille r\u00e9ussira-t-elle \u00e0 survivre au s\u00e9isme de magnitude 7 qui s&rsquo;est abattu sur eux? Les enfants l&rsquo;ignorent \u00e0 ce moment-l\u00e0 et rien ne permet d&rsquo;y croire \u00e0 prime abord. Le focus se d\u00e9place ensuite sur la fille-a\u00een\u00e9e de Marie-Blanche, \u00c9veline. La boucle se referme sur elle. Apr\u00e8s deux g\u00e9n\u00e9rations de quasi analphab\u00e8tes, voici que celle-ci, issue de la troisi\u00e8me g\u00e9n\u00e9ration, est plus scolaris\u00e9e et peut b\u00e9n\u00e9ficier et tirer partie des fruits de la r\u00e9volution tranquille. \u00c9veline \u00e9tudie dans un coll\u00e8ge priv\u00e9 et r\u00eave d&rsquo;\u00e9crire un jour. Elle comprend enfin ce qu&rsquo;elle doit aux g\u00e9n\u00e9rations qui la pr\u00e9c\u00e8dent et elle finit par leur rendre gr\u00e2ce.<\/p>\n<p>Le tome dernier marque donc la fin d&rsquo;une lutte de quarante ans o\u00f9 on voit trois g\u00e9n\u00e9rations de femmes de milieu populaire se battre avec les outils \u00e0 leur disposition, pour que leur famille, leurs enfants, r\u00e9ussissent \u00e0 s&rsquo;en sortir avec dignit\u00e9, la t\u00eate haute.<br \/>\n<a href=\"http:\/\/www.editions-libreexpression.com\/pain-noir-pain-blanc-tome-3\/micheline-bail\/livre\/9782764808078\" target=\"_blank\"><img decoding=\"async\" loading=\"lazy\" class=\"alignright size-full wp-image-113\" title=\"lireunextrait\" src=\"http:\/\/www.michelinebail.com\/wp-content\/uploads\/2015\/03\/lireunextrait.jpg\" alt=\"\" width=\"90\" height=\"30\" \/><\/a><\/p>\n<p style=\"text-align: center;\"><a href=\"http:\/\/www.editions-libreexpression.com\/pain-noir-pain-blanc-tome-3\/micheline-bail\/livre\/9782764808078\" target=\"_blank\"><img decoding=\"async\" loading=\"lazy\" class=\"aligncenter size-large wp-image-108\" title=\"LeLibraire_Avril_LR\" src=\"http:\/\/www.michelinebail.com\/wp-content\/uploads\/2015\/03\/PUB_LeLibraire_Avril_LR-1024x588.jpg\" alt=\"Extrait sonore et commandes\" width=\"1024\" height=\"588\" srcset=\"https:\/\/www.michelinebail.com\/wp-content\/uploads\/2015\/03\/PUB_LeLibraire_Avril_LR-1024x588.jpg 1024w, https:\/\/www.michelinebail.com\/wp-content\/uploads\/2015\/03\/PUB_LeLibraire_Avril_LR-300x172.jpg 300w, https:\/\/www.michelinebail.com\/wp-content\/uploads\/2015\/03\/PUB_LeLibraire_Avril_LR.jpg 1433w\" sizes=\"(max-width: 1024px) 100vw, 1024px\" \/><\/a><\/p>\n","protected":false},"excerpt":{"rendered":"<p>Apr\u00e8s la guerre, la vie continue pour Marie-Blanche et R\u00e9mi. On les retrouve \u00e0 Montr\u00e9al, rue Saint-Denis, chez les beaux-parents. \u00c9va, la belle-m\u00e8re d&rsquo;Eug\u00e9nie, porte en elle le souvenir de terribles \u00e9v\u00e9nements dont elle fera part \u00e0 Marie-Blanche. Le beau-fr\u00e8re Louis est aussi porteur d&rsquo;un lourd secret. La vie n&rsquo;est pas facile pour le couple, [&hellip;]<\/p>\n","protected":false},"author":1,"featured_media":0,"parent":92,"menu_order":3,"comment_status":"open","ping_status":"open","template":"","meta":[],"_links":{"self":[{"href":"https:\/\/www.michelinebail.com\/index.php?rest_route=\/wp\/v2\/pages\/102"}],"collection":[{"href":"https:\/\/www.michelinebail.com\/index.php?rest_route=\/wp\/v2\/pages"}],"about":[{"href":"https:\/\/www.michelinebail.com\/index.php?rest_route=\/wp\/v2\/types\/page"}],"author":[{"embeddable":true,"href":"https:\/\/www.michelinebail.com\/index.php?rest_route=\/wp\/v2\/users\/1"}],"replies":[{"embeddable":true,"href":"https:\/\/www.michelinebail.com\/index.php?rest_route=%2Fwp%2Fv2%2Fcomments&post=102"}],"version-history":[{"count":6,"href":"https:\/\/www.michelinebail.com\/index.php?rest_route=\/wp\/v2\/pages\/102\/revisions"}],"predecessor-version":[{"id":114,"href":"https:\/\/www.michelinebail.com\/index.php?rest_route=\/wp\/v2\/pages\/102\/revisions\/114"}],"up":[{"embeddable":true,"href":"https:\/\/www.michelinebail.com\/index.php?rest_route=\/wp\/v2\/pages\/92"}],"wp:attachment":[{"href":"https:\/\/www.michelinebail.com\/index.php?rest_route=%2Fwp%2Fv2%2Fmedia&parent=102"}],"curies":[{"name":"wp","href":"https:\/\/api.w.org\/{rel}","templated":true}]}}