{"id":32,"date":"2011-12-02T19:12:01","date_gmt":"2011-12-02T19:12:01","guid":{"rendered":"http:\/\/www.michelinebail.com\/?page_id=32"},"modified":"2018-10-08T20:14:33","modified_gmt":"2018-10-08T20:14:33","slug":"biographie","status":"publish","type":"page","link":"https:\/\/www.michelinebail.com\/?page_id=32","title":{"rendered":"Biographie"},"content":{"rendered":"<p>Micheline Bail d\u00e9tient un dipl\u00f4me en histoire. Apr\u00e8s\u00a0avoir longtemps travaill\u00e9 dans le r\u00e9seau de la sant\u00e9 et\u00a0des services sociaux, elle se consacre maintenant \u00e0\u00a0l\u2019\u00e9criture. Gr\u00e2ce \u00e0 ses longues ann\u00e9es de recherche et\u00a0\u00e0 son talent ind\u00e9niable, elle offre des r\u00e9cits finement\u00a0ficel\u00e9s aux personnages attachants.<\/p>\n<p><a href=\"http:\/\/www.michelinebail.com\/?page_id=10\">Frontenac<\/a> :<\/p>\n<p>Tome I, La tourmente , roman historique, Hurtubise, 2008.<\/p>\n<p>Tome II, L\u2019embellie , roman historique, Hurtubise, automne 2011.<\/p>\n<p>&nbsp;<\/p>\n<p><a href=\"http:\/\/www.michelinebail.com\/?page_id=38\">L\u2019Esclave<\/a> , roman historique, Libre Expression, 1999.<\/p>\n<p><a href=\"http:\/\/www.michelinebail.com\/?page_id=68\">Pain noir, pain blanc<\/a>, roman, tome 1. 2013.<\/p>\n<p><a href=\"http:\/\/www.michelinebail.com\/?page_id=89\">Pain noir, pain blanc<\/a>, roman, tome 2. 2014.<\/p>\n<p><a href=\"http:\/\/www.michelinebail.com\/?page_id=102\">Pain noir, pain blanc<\/a>, roman, tome 3. 2015.<\/p>\n","protected":false},"excerpt":{"rendered":"<p>Micheline Bail d\u00e9tient un dipl\u00f4me en histoire. Apr\u00e8s\u00a0avoir longtemps travaill\u00e9 dans le r\u00e9seau de la sant\u00e9 et\u00a0des services sociaux, elle se consacre maintenant \u00e0\u00a0l\u2019\u00e9criture. Gr\u00e2ce \u00e0 ses longues ann\u00e9es de recherche et\u00a0\u00e0 son talent ind\u00e9niable, elle offre des r\u00e9cits finement\u00a0ficel\u00e9s aux personnages attachants. Frontenac : Tome I, La tourmente , roman historique, Hurtubise, 2008. Tome [&hellip;]<\/p>\n","protected":false},"author":1,"featured_media":0,"parent":0,"menu_order":1,"comment_status":"open","ping_status":"open","template":"","meta":[],"_links":{"self":[{"href":"https:\/\/www.michelinebail.com\/index.php?rest_route=\/wp\/v2\/pages\/32"}],"collection":[{"href":"https:\/\/www.michelinebail.com\/index.php?rest_route=\/wp\/v2\/pages"}],"about":[{"href":"https:\/\/www.michelinebail.com\/index.php?rest_route=\/wp\/v2\/types\/page"}],"author":[{"embeddable":true,"href":"https:\/\/www.michelinebail.com\/index.php?rest_route=\/wp\/v2\/users\/1"}],"replies":[{"embeddable":true,"href":"https:\/\/www.michelinebail.com\/index.php?rest_route=%2Fwp%2Fv2%2Fcomments&post=32"}],"version-history":[{"count":9,"href":"https:\/\/www.michelinebail.com\/index.php?rest_route=\/wp\/v2\/pages\/32\/revisions"}],"predecessor-version":[{"id":122,"href":"https:\/\/www.michelinebail.com\/index.php?rest_route=\/wp\/v2\/pages\/32\/revisions\/122"}],"wp:attachment":[{"href":"https:\/\/www.michelinebail.com\/index.php?rest_route=%2Fwp%2Fv2%2Fmedia&parent=32"}],"curies":[{"name":"wp","href":"https:\/\/api.w.org\/{rel}","templated":true}]}}