{"id":68,"date":"2013-11-10T22:49:00","date_gmt":"2013-11-10T22:49:00","guid":{"rendered":"http:\/\/www.michelinebail.com\/?page_id=68"},"modified":"2015-04-01T19:23:26","modified_gmt":"2015-04-01T19:23:26","slug":"pain-noir-pain-blanc","status":"publish","type":"page","link":"https:\/\/www.michelinebail.com\/?page_id=68","title":{"rendered":"Pain noir, pain blanc, tome 1"},"content":{"rendered":"<div id=\"attachment_69\" style=\"width: 160px\" class=\"wp-caption alignleft\"><img aria-describedby=\"caption-attachment-69\" decoding=\"async\" loading=\"lazy\" class=\"size-thumbnail wp-image-69\" title=\"PainNoirPainBlanc\" src=\"http:\/\/www.michelinebail.com\/wp-content\/uploads\/2013\/11\/PainNoirPainBlanc-150x150.jpg\" alt=\"\" width=\"150\" height=\"150\" \/><p id=\"caption-attachment-69\" class=\"wp-caption-text\">Pain noir, pain blanc, tome 1<\/p><\/div>\n<p>Alphonse Dumais vient de mourir. Eug\u00e9nie, sa veuve, doit devenir le soutien de la famille. Les ressources sont maigres\u00a0; c&rsquo;est la crise \u00e9conomique, surtout dans le quartier Saint-Roch \u00e0 Qu\u00e9bec. Comment faire pour nourrir ces huit bouches\u00a0? Le froid vicaire Saint-Hilaire a une solution pour elle\u00a0: la plus vieille, Estella, travaillera, et les autres iront vivre \u00e0 l&rsquo;orphelinat.<\/p>\n<p>C&rsquo;est ainsi que s&rsquo;amorce la bataille d&rsquo;Eug\u00e9nie, une lutte faite d&rsquo;un courage invisible, celui d&rsquo;une femme ordinaire pour renverser le destin. D\u00e8s l&rsquo;instant o\u00f9 ses enfants partent pour le couvent, elle n&rsquo;aura qu&rsquo;un objectif\u00a0: les rapatrier sous son toit. D\u00e9bute aussi la bataille des enfants, qui sera racont\u00e9e \u00e0 travers les yeux de Marie-Blanche, principal t\u00e9moin de ce qui aura lieu dans les couloirs, les salles de classe, le r\u00e9fectoire, le dortoir\u2026<\/p>\n<p>La saga <em>Pain noir, pain blanc<\/em> fait le r\u00e9cit du combat de ces h\u00e9ro\u00efnes du temps pass\u00e9, nos m\u00e8res et nos grands-m\u00e8res, qui ont avanc\u00e9 silencieusement, sans perdre la foi en des lendemains meilleurs.<\/p>\n<p>&nbsp;<\/p>\n<p>&nbsp;<\/p>\n<p><em><img decoding=\"async\" loading=\"lazy\" class=\"alignleft  wp-image-84\" title=\"quebec-loisirs\" src=\"http:\/\/www.michelinebail.com\/wp-content\/uploads\/2013\/11\/quebec-loisirs.jpg\" alt=\"\" width=\"63\" height=\"71\" \/>Ce livre a d\u00e9j\u00e0 \u00e9t\u00e9 achet\u00e9 par les \u00e9ditions <a href=\"http:\/\/www.quebecloisirs.com\/\" target=\"_blank\">Qu\u00e9bec Loisirs<\/a>.<\/em><\/p>\n","protected":false},"excerpt":{"rendered":"<p>Alphonse Dumais vient de mourir. Eug\u00e9nie, sa veuve, doit devenir le soutien de la famille. Les ressources sont maigres\u00a0; c&rsquo;est la crise \u00e9conomique, surtout dans le quartier Saint-Roch \u00e0 Qu\u00e9bec. Comment faire pour nourrir ces huit bouches\u00a0? Le froid vicaire Saint-Hilaire a une solution pour elle\u00a0: la plus vieille, Estella, travaillera, et les autres iront [&hellip;]<\/p>\n","protected":false},"author":1,"featured_media":0,"parent":92,"menu_order":1,"comment_status":"open","ping_status":"open","template":"","meta":[],"_links":{"self":[{"href":"https:\/\/www.michelinebail.com\/index.php?rest_route=\/wp\/v2\/pages\/68"}],"collection":[{"href":"https:\/\/www.michelinebail.com\/index.php?rest_route=\/wp\/v2\/pages"}],"about":[{"href":"https:\/\/www.michelinebail.com\/index.php?rest_route=\/wp\/v2\/types\/page"}],"author":[{"embeddable":true,"href":"https:\/\/www.michelinebail.com\/index.php?rest_route=\/wp\/v2\/users\/1"}],"replies":[{"embeddable":true,"href":"https:\/\/www.michelinebail.com\/index.php?rest_route=%2Fwp%2Fv2%2Fcomments&post=68"}],"version-history":[{"count":9,"href":"https:\/\/www.michelinebail.com\/index.php?rest_route=\/wp\/v2\/pages\/68\/revisions"}],"predecessor-version":[{"id":83,"href":"https:\/\/www.michelinebail.com\/index.php?rest_route=\/wp\/v2\/pages\/68\/revisions\/83"}],"up":[{"embeddable":true,"href":"https:\/\/www.michelinebail.com\/index.php?rest_route=\/wp\/v2\/pages\/92"}],"wp:attachment":[{"href":"https:\/\/www.michelinebail.com\/index.php?rest_route=%2Fwp%2Fv2%2Fmedia&parent=68"}],"curies":[{"name":"wp","href":"https:\/\/api.w.org\/{rel}","templated":true}]}}