{"id":89,"date":"2014-04-15T03:53:12","date_gmt":"2014-04-15T03:53:12","guid":{"rendered":"http:\/\/www.michelinebail.com\/?page_id=89"},"modified":"2015-04-01T13:50:36","modified_gmt":"2015-04-01T13:50:36","slug":"pain-noir-pain-blanc-tome-2","status":"publish","type":"page","link":"https:\/\/www.michelinebail.com\/?page_id=89","title":{"rendered":"Pain noir, pain blanc, tome 2"},"content":{"rendered":"<div id=\"attachment_90\" style=\"width: 216px\" class=\"wp-caption alignleft\"><img aria-describedby=\"caption-attachment-90\" decoding=\"async\" loading=\"lazy\" class=\"size-full wp-image-90\" title=\"p_t2\" src=\"http:\/\/www.michelinebail.com\/wp-content\/uploads\/2014\/04\/p_t2.jpg\" alt=\"\" width=\"206\" height=\"303\" srcset=\"https:\/\/www.michelinebail.com\/wp-content\/uploads\/2014\/04\/p_t2.jpg 206w, https:\/\/www.michelinebail.com\/wp-content\/uploads\/2014\/04\/p_t2-203x300.jpg 203w\" sizes=\"(max-width: 206px) 100vw, 206px\" \/><p id=\"caption-attachment-90\" class=\"wp-caption-text\">Pain noir, pain blanc, tome 2<\/p><\/div>\n<p>Nous sommes en novembre 1941, et la guerre fait rage en Europe. On retrouve la famille Dumais, dont les membres habitent encore la maison de chambre de la rue Saint-Jean. La vie \u00e0 Qu\u00e9bec est toujours difficile, en raison de l&rsquo;\u00e9norme effort de guerre impos\u00e9 \u00e0 la population\u00a0: rationnements, couvre-feu, exercices de bombardement&#8230; Marie-Blanche, Florence et Simone, trois des filles d&rsquo;Eug\u00e9nie, travaillent \u00e0 l&rsquo;arsenal militaire de Saint-Malo, \u00e0 l&rsquo;inspection des balles, et leurs salaires servent \u00e0 faire vivre la famille. La crainte de la conscription est vive. Elle cr\u00e9e une commotion au sein de la famille Dumais, de m\u00eame qu&rsquo;\u00e0 Qu\u00e9bec, o\u00f9 de nombreux affrontements ont lieu.<\/p>\n<p>Deux ans plus tard, en 1944, les choses ont \u00e9volu\u00e9. La guerre n&rsquo;est pas termin\u00e9e, mais la vie reprend doucement \u00e0 Qu\u00e9bec. C&rsquo;est l&rsquo;\u00e9t\u00e9, et les filles Dumais vont danser sur la terrasse Dufferin. Chacune \u00e0 leur mani\u00e8re, cet \u00e9t\u00e9-l\u00e0, elles r\u00e9aliseront un r\u00eave, que ce soit de trouver l&rsquo;amour ou de se consacrer \u00e0 leur passion.<\/p>\n<p><a href=\"http:\/\/www.editions-libreexpression.com\/pain-noir-pain-blanc-tome-2\/micheline-bail\/livre\/9782764808252\" target=\"_blank\"><img decoding=\"async\" loading=\"lazy\" class=\"alignright size-full wp-image-113\" title=\"lireunextrait\" src=\"http:\/\/www.michelinebail.com\/wp-content\/uploads\/2015\/03\/lireunextrait.jpg\" alt=\"\" width=\"90\" height=\"30\" \/><\/a><\/p>\n","protected":false},"excerpt":{"rendered":"<p>Nous sommes en novembre 1941, et la guerre fait rage en Europe. On retrouve la famille Dumais, dont les membres habitent encore la maison de chambre de la rue Saint-Jean. La vie \u00e0 Qu\u00e9bec est toujours difficile, en raison de l&rsquo;\u00e9norme effort de guerre impos\u00e9 \u00e0 la population\u00a0: rationnements, couvre-feu, exercices de bombardement&#8230; Marie-Blanche, Florence [&hellip;]<\/p>\n","protected":false},"author":1,"featured_media":0,"parent":92,"menu_order":2,"comment_status":"open","ping_status":"open","template":"","meta":[],"_links":{"self":[{"href":"https:\/\/www.michelinebail.com\/index.php?rest_route=\/wp\/v2\/pages\/89"}],"collection":[{"href":"https:\/\/www.michelinebail.com\/index.php?rest_route=\/wp\/v2\/pages"}],"about":[{"href":"https:\/\/www.michelinebail.com\/index.php?rest_route=\/wp\/v2\/types\/page"}],"author":[{"embeddable":true,"href":"https:\/\/www.michelinebail.com\/index.php?rest_route=\/wp\/v2\/users\/1"}],"replies":[{"embeddable":true,"href":"https:\/\/www.michelinebail.com\/index.php?rest_route=%2Fwp%2Fv2%2Fcomments&post=89"}],"version-history":[{"count":5,"href":"https:\/\/www.michelinebail.com\/index.php?rest_route=\/wp\/v2\/pages\/89\/revisions"}],"predecessor-version":[{"id":103,"href":"https:\/\/www.michelinebail.com\/index.php?rest_route=\/wp\/v2\/pages\/89\/revisions\/103"}],"up":[{"embeddable":true,"href":"https:\/\/www.michelinebail.com\/index.php?rest_route=\/wp\/v2\/pages\/92"}],"wp:attachment":[{"href":"https:\/\/www.michelinebail.com\/index.php?rest_route=%2Fwp%2Fv2%2Fmedia&parent=89"}],"curies":[{"name":"wp","href":"https:\/\/api.w.org\/{rel}","templated":true}]}}